{"id":661,"date":"2021-11-24T11:46:02","date_gmt":"2021-11-24T10:46:02","guid":{"rendered":"http:\/\/honzabehunek.com\/new\/?page_id=661"},"modified":"2022-01-31T10:42:45","modified_gmt":"2022-01-31T09:42:45","slug":"o-honzovi","status":"publish","type":"page","link":"https:\/\/honzabehunek.com\/new\/o-honzovi\/","title":{"rendered":"O HONZOVI"},"content":{"rendered":"<div  data-label=\"Content\" data-id=\"content--1\" data-export-id=\"content-12\" data-category=\"content\" class=\"content-12 content-section content-section-spacing\" id=\"content-1\" style=\"background-color: rgb(0, 0, 0); background-image: none;\"><div  class=\"gridContainer\"> <div  class=\"row text-center\"><div  class=\"section-title-col\" data-type=\"column\">  <p  class=\"lead\" style=\"text-align: left;\"><span  style=\"color: rgb(255, 255, 255); font-weight: 600;\">Honza, p\u0159ezd\u00edvan\u00fd Kirk, se narodil v mal\u00e9 vesni\u010dce Doudleby u \u010cesk\u00fdch Bud\u011bjovic. Od \u0161esti let hr\u00e1l hokej, chodil do hokejov\u00e9 \u0161koly a p\u0159ipravoval se profesion\u00e1ln\u00ed hokejovou dr\u00e1hu. V patn\u00e1cti letech musel s hokejem ze zdravotn\u00edch d\u016fvod\u016f p\u0159estat a za\u010dal se pomalu u\u010dit hr\u00e1t na kytaru. Poch\u00e1z\u00ed z hudebn\u00ed rodiny (otec hr\u00e1l na housle a matka v\u00fdborn\u011b zp\u00edv\u00e1), a tak p\u0159esto\u017ee za\u010dal s kytarou pom\u011brn\u011b pozd\u011b, d\u00edky rodi\u010d\u016fm to nebylo tak t\u011b\u017ek\u00e9. Za\u010dal nav\u0161t\u011bvovat hodiny klasick\u00e9 kytary u p. Ji\u0159\u00edho Klime\u0161e. Nejv\u011bt\u0161\u00edm zlomem v jeho h\u0159e do\u0161lo, kdy\u017e vid\u011bl hru kytaristy Guy Mann Duda (ex-Alice Cooper) a uv\u011bdomil si, jak\u00fdm sm\u011brem se chce ub\u00edrat a jak na sob\u011b za\u010d\u00edt pracovat.<\/span><br ><span  style=\"color: rgb(255, 255, 255); font-weight: 600;\">\nB\u011bhem sv\u00fdch za\u010d\u00e1tk\u016f pro\u0161el n\u011bkolika kapelami; prvn\u00ed kapelou byla v letech 1984(?) \u2013 1986 Stress a druhou Gepard, 1987 \u2013 1989. V t\u00e9to dob\u011b se p\u0159edev\u0161\u00edm u\u010dil od sv\u00fdch vzor\u016f, ale od u\u017e za\u010d\u00e1tku byly snahy o vlastn\u00ed tvorbu. Od roku 1989 hraje v thrash metalov\u00e9 kapele Exekutor, prvn\u00ed demo Exekutor \u2013 Time of Shadows, 1990 \u2013 Symfonie Smrti, 1991 \u2013 Symphony of Death pro Brn\u011bnskou firmu Reset. V roce 1991 za\u010d\u00edn\u00e1 Honza spolupracovat s Petrem Jandou (Olympic). V 1992 demo Sympatie ke zlu. V r. 1992 tak\u00e9 nat\u00e1\u010d\u00ed se skupinou Exekutor prvn\u00ed p\u00edse\u0148 na cd Rockmapa a tak\u00e9 videoklip s p\u00edsn\u00ed Symfonie Smrti.<\/span><br ><span  style=\"color: rgb(255, 255, 255); font-weight: 600;\">\nDal\u0161\u00ed skupinou, kde Honza skl\u00e1d\u00e1 mnoho p\u00edsn\u00ed \u2013 hlavn\u011b rockov\u00fdch, je Whitelight se zp\u011bv\u00e1kem Petrem Kol\u00e1\u0159em, 1992-1994\/95. S kapelou nato\u010dili demo nahr\u00e1vku Suver\u00e9n a klip ke skladb\u011b Suver\u00e9n tak\u00e9 u Petra Jandy. Kapela se \u00fa\u010dastnila mnoha sout\u011b\u017e\u00ed, kde se um\u00edstnila na p\u0159edn\u00edch m\u00edstech, ale odchodem Petra Whitelight kon\u010d\u00ed. V t\u00e9 dob\u011b se pod\u00edlel se na mnoha projektech jako hr\u00e1\u010d i producent. Nat\u00e1\u010d\u00ed r\u016fzn\u00e9 reklamn\u00ed spoty pro TV Gimi.<\/span><br ><span  style=\"color: rgb(255, 255, 255); font-weight: 600;\">\nOd roku 1995 hraje Honza s instrument\u00e1ln\u00edm triem p\u016fvodn\u011b pod n\u00e1zvem Johny Band kter\u00fd se z\u00e1hy m\u011bn\u00ed na Seven, se kterou odehraje pr\u016fm\u011brn\u011b 80-90 koncert\u016f ro\u010dn\u011b nejen v \u010cech\u00e1ch, ale tak\u00e9 v N\u011bmecku, Rakousku, Polsku, Slovensku, \u0160v\u00fdcarsku. Se Seven v roce 1996 nato\u010dil prvn\u00ed instrument\u00e1ln\u00ed CD Blue Angels, roku 2000 Crying World, roku 2001 Entice From Sea, d\u00e1le Chamber Metal (toto CD jen pro USA), kompilace \u2013 Ji\u017en\u00ed sprcha. Roku 2004 cd Sevens a \u00fa\u017easn\u00fd videoklip s Doro Pesch na p\u00edse\u0148 Belive In Your Self, pod\u00edlel se na hudb\u011b pro film Marka Dobe\u0161e Choking Hazard; k p\u00edsni The Garden Pleasure vznik\u00e1 videoklip. V roce 2005 vych\u00e1z\u00ed Best of Seven k desetilet\u00e9mu v\u00fdro\u010d\u00ed vzniku.<\/span><br ><span  style=\"color: rgb(255, 255, 255); font-weight: 600;\">\nP\u0159esto\u017ee po odchodu Petra Kol\u00e1\u0159e (Whitelight) hraje instrument\u00e1ln\u011b, neust\u00e1le hled\u00e1 zp\u011bv\u00e1ka a spolupracuje s r\u016fzn\u00fdmi hosty. V hudb\u011b, kterou vytv\u00e1\u0159\u00ed, se m\u00eds\u00ed mnoho hudebn\u00edch styl\u016f od jazzu a\u017e po heavy metal a to se odr\u00e1\u017e\u00ed na pestrosti skladeb, kter\u00e9 tak maj\u00ed velmi nosn\u00e9 melodie a n\u00e1ro\u010dn\u00e9 kompozice. Honza nato\u010dil mnoho videoklip\u016f, kter\u00e9 jsou se z\u00e1sluhou Doro Pesch objevily i zahrani\u010dn\u00edch hudebn\u00edch televiz\u00edch, MTV atd.<\/span><br ><span  style=\"color: rgb(255, 255, 255); font-weight: 600;\">\nHonza rovn\u011b\u017e d\u00e1v\u00e1 soukrom\u00e9 lekce kytarov\u00e9 v\u00fduky a p\u0159edn\u00e1\u0161\u00ed na r\u016fzn\u00fdch semin\u00e1\u0159\u00edch a \u00fa\u010dinkuje na kytarov\u00fdch workshopech (Muzika, Huvel, Frankfurt Musik Messe, Musik Messe Read atd.). Pracoval jako firemn\u00ed hr\u00e1\u010d americk\u00fdch zesilova\u010d\u016f Rivera, kde se st\u0159\u00eddal a hr\u00e1l s D. Williamsem (M. Jackson ) a jamoval s T. Stevensem (S. Vai), T. Bozziem (S. Vai, F. Zappa). \u00da\u010dastnil se konkurzu skupiny Limp Bizkit, kde skon\u010dil z n\u011bkolika tis\u00edc\u016f hr\u00e1\u010d\u016f mezi deseti, mana\u017eer skupiny Limp Bizkit se velmi pochvaln\u011b vyjad\u0159uje o jeho technice a pou\u017e\u00edvan\u00fdch melodi\u00edch. M\u011bl spolupracovat se salzburskou \u201erakouskou\u201c filharmoni\u00ed, bohu\u017eel spolupr\u00e1ce kv\u016fli nemoci nebyla uskute\u010dn\u011bna. D\u00e1le spolupracoval s \u010desk\u00fdm v\u00fdrobcem zesilova\u010d\u016f George Denis. Od roku 2000 je firemn\u00edm hr\u00e1\u010dem anglick\u00e9 firmy Laney, v\u00fdrobce zesilova\u010d\u016f (najdete ho na www.laney.co.uk), od roku 2002 spolupracuje s japonskou kytarovou firmou Ibanez (www.ibanez.com) a od roku 2005 s \u010deskou kytarovou firmou Fokus. Od roku 2008 je firemn\u00edm hr\u00e1\u010dem zesilova\u010d\u016f Mesa Boogie (www.mesaboogie.com). Hr\u00e1l v Lucern\u011b s Czech Big Bandem, kter\u00fd doprov\u00e1z\u00ed mnoho p\u0159edn\u00edch \u010desk\u00fdch interpret\u016f (K. Got, H. Vondr\u00e1\u010dkov\u00e1 atd.). P\u0159edskakoval p\u0159ed kapelami Helloween, Masterplan, Rage, Gama Ray, Scorpions, Primal Fear, Siner, atd. Proto\u017ee je pova\u017eov\u00e1n za kytarov\u00e9ho experta, p\u00ed\u0161e t\u00e9\u017e do odborn\u00fdch hudebn\u00edch \u010dasopis\u016f a je vyhled\u00e1v\u00e1n jako studiov\u00fd hr\u00e1\u010d.<\/span><br ><span  style=\"color: rgb(255, 255, 255); font-weight: 600;\">\nHonza spolupracuje s n\u011bmeckou heavy metalovou kr\u00e1lovnou Doro Pesch (ex Warlock), spole\u010dn\u011b odehr\u00e1li n\u011bkolik koncert\u016f. V roce 2004 s Doro pracovali na spole\u010dn\u00fdch p\u00edsn\u00ed na CD Sevens. Honza m\u00e1 produkovat a pod\u00edlet se na jej\u00edm CD. T\u00e9\u017e spolupracuje s Blazem Bayleym (ex Iron Maiden), se kter\u00fdm tak\u00e9 koncertoval a je p\u0159ipravena dal\u0161\u00ed spolupr\u00e1ce. Kirk byl v roce 2004 ex Maidenem po\u017e\u00e1d\u00e1n o odehr\u00e1n\u00ed celosv\u011btov\u00e9ho turn\u00e9 s jeho kapelou, bohu\u017eel ale na posledn\u00ed chv\u00edli bylo turn\u00e9 zru\u0161eno. V b\u0159eznu a dubnu roku 2005 odehr\u00e1l s kapelou Seven k desetilet\u00e9mu v\u00fdro\u010d\u00ed propaga\u010dn\u00ed a velmi \u00fasp\u011b\u0161n\u00e9 turn\u00e9 jako host skupiny Arakain. Jako prvn\u00ed rockov\u00e1 kapela hr\u00e1li Seven v Sazka ar\u00e9n\u011b pro p\u011bt tis\u00edc lid\u00ed.<\/span><br ><span  style=\"color: rgb(255, 255, 255); font-weight: 600;\">\nNa sklonku roku 2006 nato\u010dili se Seven nov\u00e9 CD Light of Souls, kde hostuj\u00ed mimo jin\u00e9 Kamil St\u0159ihavka a Honza Tou\u017eimsk\u00fd. Od za\u010d\u00e1tku roku 2007 spolupracuje Honza s L\u00e1\u010fou K\u0159\u00ed\u017ekem a jeho kapelou Kreyson, se kter\u00fdm nato\u010dil dvd Noc Pln\u00e1 Hv\u011bzd \u2013 T\u0159inec. Na za\u010d\u00e1tku roku 2008 p\u0159ipravuje dvacet p\u00edsn\u00ed pro nov\u00e9 cd zp\u011bva\u010dky Doro Pesch a nov\u00e9 cd Seven. Tak\u00e9 se ofici\u00e1ln\u011b st\u00e1v firemn\u00edm hr\u00e1\u010dem Mesa Boogie (www.mesaboogie.com).<\/span><br ><span  style=\"color: rgb(255, 255, 255); font-weight: 600;\">\nV polovin\u011b roku p\u0159i\u0161el do kapely nov\u00fd \u010dlen Ji\u0159\u00ed Komberec, kter\u00fd se stal zp\u011bv\u00e1kem a dal\u0161\u00edm \u010dlenem Seven po dlouh\u00fdch letech v triu. Jedou turn\u00e9 s Uriah Heep a odjeli vynikaj\u00edc\u00ed koncerty v Moskv\u011b, kde hr\u00e1li s Primal Fear a Sinner, a pl\u00e1nuje se dal\u0161\u00ed spolupr\u00e1ce a koncerty. Na konci roku 2008 hr\u00e1l na mega koncertu, 25.let Doro Pesch v Rocku, po boku Tarja (Nightwish), B.Blitz (Overkill), R.Schenker, K.Maine (Scorpions), D.Warrel (Nevermore), Edguy a mnoho dal\u0161\u00edch hv\u011bzd.<\/span><br ><span  style=\"color: rgb(255, 255, 255); font-weight: 600;\">\nV b\u0159eznu 2009 vych\u00e1z\u00ed nov\u00e9 kompletn\u011b zp\u00edvan\u00e9 cd Seven Deadly Sins. V dubnu 2009 odehr\u00e1l turn\u00e9 k nov\u00e9mu cd, jako host s n\u00edm hr\u00e1l Victor Smolski (Rage), kter\u00fd nab\u00eddl Honzovi a kapele dal\u0161\u00ed spolupr\u00e1ci. Vznikaj\u00ed nov\u00e9 videoklipy k p\u00edsn\u00edm Lost Hero, Web Of Obsession. V roce 2009 t\u00e9\u017e doprov\u00e1z\u00ed s kapelou Seven i Ji\u0159\u00edho Zonygu, v\u00edt\u011bze sout\u011b\u017ee X Faktor. V roce 2010 jede s kapelou Seven evropsk\u00e9 turn\u00e9 jako host kapely Rage, kde vznik\u00e1 mnoho \u017eiv\u00fdch z\u00e1znam\u016f. Pro TV Public nat\u00e1\u010d\u00ed kytarov\u00e9 uk\u00e1zky a v po\u0159adu \u017div\u00e1k p\u00edsn\u011b The Whales Sing a Hidden Trail. V kv\u011btnu hraje s Australsk\u00fdmi Airbourne.<\/span><br ><span  style=\"color: rgb(255, 255, 255); font-weight: 600;\">\nNa konci r. 2012 absolvuj\u00ed Seven velk\u00e9 celoevropsk\u00e9 turn\u00e9 s Doro Pesch na propagaci cd Freedom Call, vydan\u00e9ho pod k\u0159\u00eddly n\u011bmeck\u00e9ho labelu Nuclear Blast. Cel\u00fd rok 2012 a 2013 kapela hodn\u011b koncertuje a \u00fa\u010dastn\u00ed se Acoustic World Tour s Blazem Bayleym. Na za\u010d\u00e1tku roku 2014 vznik\u00e1 nov\u00fd projekt Black a Honza p\u0159ipravuje nov\u00e9 cd kapely Seven.<\/span>\n<br ><span style=\"font-weight: 600; color: rgb(255, 255, 255);\" >Na  konci : Na konci r. 2012 absolvuj\u00ed Seven velk\u00e9 celoevropsk\u00e9 turn\u00e9 s Doro Pesch na propagaci cd Freedom Call, vydan\u00e9ho pod k\u0159\u00eddly n\u011bmeck\u00e9ho labelu Nuclear Blast. Cel\u00fd rok 2012 a 2013 kapela hodn\u011b koncertuje a \u00fa\u010dastn\u00ed se Acoustic World Tour s Blazem Bayleym. Na za\u010d\u00e1tku roku 2014 vznik\u00e1 nov\u00fd projekt Black a Honza p\u0159ipravuje nov\u00e9 cd kapely Seven.<\/span><br ><span style=\"font-weight: 600; color: rgb(255, 255, 255);\" >\nV roce 2017 vych\u00e1z\u00ed velmi \u00fasp\u011b\u0161n\u00e9 LP a CD Mury.<\/span><br ><span style=\"font-weight: 600; color: rgb(255, 255, 255);\" >\n2018 kapela vytvo\u0159ila \u00fa\u017easnou koncertn\u00ed sc\u00e9nu a propadla ohniv\u00e9mu show.<\/span><br ><span style=\"font-weight: 600; color: rgb(255, 255, 255);\" >\nV roce 2021 1.5. se kapela zapsala do knihy rokurd\u016f, v po\u010dtu nejv\u00edce pou\u017eit\u00fdch ohniv\u00fdch efekt\u016f ve videoklipu a je zaregistrov\u00e1na v Agentura Dobr\u00fd den, s. r. o.<\/span><br ><span style=\"font-weight: 600; color: rgb(255, 255, 255);\" >\nV roce 2022 vyd\u00e1v\u00e1 nove LP a CD RNR a chyst\u00e1 novou koncertn\u00ed sc\u00e9nu.<\/span><br ><span style=\"font-weight: 600;\" ><span style=\"color: rgb(255, 255, 255);\" >\nV sou\u010dasn\u00e9 sestav\u011b David Vrba, Denis Fano, Vojt\u011bch Z\u00edch ml.a Jirka Kombi Komberec.<\/span>\n<br ><br >\n<br ><br >\n<br ><br >\n<br ><\/span><\/p><\/div> <\/div> <div  class=\"row center-xs middle-xs\"> <div  class=\"col-sm-9\" data-type=\"column\"> <\/div> <\/div><\/div> <\/div>","protected":false},"excerpt":{"rendered":"<p>Honza, p\u0159ezd\u00edvan\u00fd Kirk, se narodil v mal\u00e9 vesni\u010dce Doudleby u \u010cesk\u00fdch Bud\u011bjovic. Od \u0161esti let hr\u00e1l hokej, chodil do hokejov\u00e9 \u0161koly a p\u0159ipravoval se profesion\u00e1ln\u00ed hokejovou dr\u00e1hu. V patn\u00e1cti letech musel s hokejem ze zdravotn\u00edch d\u016fvod\u016f p\u0159estat a za\u010dal se pomalu u\u010dit hr\u00e1t na kytaru. Poch\u00e1z\u00ed z hudebn\u00ed rodiny (otec hr\u00e1l na housle a matka&hellip; <br \/> <a class=\"read-more\" href=\"https:\/\/honzabehunek.com\/new\/o-honzovi\/\">Read more<\/a><\/p>\n","protected":false},"author":1,"featured_media":0,"parent":0,"menu_order":0,"comment_status":"closed","ping_status":"closed","template":"pro\/page-templates\/full-width-page.php","meta":{"ngg_post_thumbnail":0,"footnotes":""},"class_list":["post-661","page","type-page","status-publish","hentry"],"_links":{"self":[{"href":"https:\/\/honzabehunek.com\/new\/wp-json\/wp\/v2\/pages\/661","targetHints":{"allow":["GET"]}}],"collection":[{"href":"https:\/\/honzabehunek.com\/new\/wp-json\/wp\/v2\/pages"}],"about":[{"href":"https:\/\/honzabehunek.com\/new\/wp-json\/wp\/v2\/types\/page"}],"author":[{"embeddable":true,"href":"https:\/\/honzabehunek.com\/new\/wp-json\/wp\/v2\/users\/1"}],"replies":[{"embeddable":true,"href":"https:\/\/honzabehunek.com\/new\/wp-json\/wp\/v2\/comments?post=661"}],"version-history":[{"count":3,"href":"https:\/\/honzabehunek.com\/new\/wp-json\/wp\/v2\/pages\/661\/revisions"}],"predecessor-version":[{"id":878,"href":"https:\/\/honzabehunek.com\/new\/wp-json\/wp\/v2\/pages\/661\/revisions\/878"}],"wp:attachment":[{"href":"https:\/\/honzabehunek.com\/new\/wp-json\/wp\/v2\/media?parent=661"}],"curies":[{"name":"wp","href":"https:\/\/api.w.org\/{rel}","templated":true}]}}