{"id":659,"date":"2021-11-24T11:45:46","date_gmt":"2021-11-24T10:45:46","guid":{"rendered":"http:\/\/honzabehunek.com\/new\/?page_id=659"},"modified":"2022-01-31T10:44:06","modified_gmt":"2022-01-31T09:44:06","slug":"projekty","status":"publish","type":"page","link":"https:\/\/honzabehunek.com\/new\/projekty\/","title":{"rendered":"PROJEKTY"},"content":{"rendered":"<div  data-label=\"Content\" data-id=\"content--1\" data-export-id=\"content-7\" data-category=\"content\" class=\"content-7 content-section content-section-spacing\" id=\"content-1\" style=\"background-color: rgb(0, 0, 0); background-image: none;\"><div  class=\"gridContainer\"> <div  class=\"row middle-sm\"><div  class=\"col-sm-6 space-bottom-xs\" data-type=\"column\"> <h2  class=\"\"><span  style=\"color: rgb(255, 255, 255);\">Honza K. B\u011bhunek instrumental<\/span><\/h2> <p  class=\"\"><span  style=\"color: rgb(255, 255, 255); font-weight: 600;\">Instrument\u00e1ln\u00ed hudba, v ni\u017e se m\u00eds\u00ed v\u0161echny hudebn\u00ed vlivy, kter\u00e9 Honzu od d\u011btstv\u00ed ovlivnili, od klasiky p\u0159es jazz a\u017e po heavy metal. Instrument\u00e1ln\u00ed skladby jsou pln\u00e9 melodi\u00ed i n\u00e1ro\u010dn\u00fdch kompozic.<\/span><\/p> <\/div> <div  class=\"col-sm-6\" data-type=\"column\"> <img decoding=\"async\"  class=\"custom-image\" src=\"http:\/\/honzabehunek.com\/new\/wp-content\/uploads\/2021\/11\/HKB_instrumental.jpg\" title=\"HKB_instrumental\" alt=\"\"><\/div> <\/div><\/div> <\/div><div  data-label=\"Content\" data-id=\"content--2\" data-export-id=\"content-8\" data-category=\"content\" class=\"content-8 content-section content-section-spacing\" id=\"content-2\" style=\"background-color: rgb(0, 0, 0); background-image: none;\"><div  class=\"gridContainer\"> <div  class=\"row middle-sm\"><div  class=\"col-sm-6 space-bottom-xs space-top-xs\" data-type=\"column\"> <img decoding=\"async\"  class=\"custom-image\" src=\"http:\/\/honzabehunek.com\/new\/wp-content\/uploads\/2021\/11\/LOGO-SEVEN.png\" title=\"LOGO SEVEN\" alt=\"\"><\/div> <div  class=\"col-sm-6\" data-type=\"column\"><h2  class=\"\"><span  style=\"color: rgb(255, 255, 255);\">Seven<\/span><\/h2> <p  class=\"\"><span style=\"font-weight: 600; color: rgb(255, 255, 255);\" >\u00dadern\u00fd i melodick\u00fd  metal. Kapela jako prvn\u00ed v \u010cesk\u00e9 republice podepsala smlouvu a vydala cd u Nuclear Blast a deska Freedom Call se prod\u00e1v\u00e1 po cel\u00e9m sv\u011bt\u011b.<\/span><br ><span style=\"font-weight: 600; color: rgb(255, 255, 255);\" >\nAktu\u00e1ln\u011b vych\u00e1z\u00ed LP deska RNR\u2026<\/span><\/p> <\/div> <\/div><\/div> <\/div><div  data-label=\"Content\" data-id=\"content--3\" data-export-id=\"content-7\" data-category=\"content\" class=\"content-7 content-section content-section-spacing\" id=\"content-3\" style=\"background-color: rgb(0, 0, 0); background-image: none;\"><div  class=\"gridContainer\"> <div  class=\"row middle-sm\"><div  class=\"col-sm-6 space-bottom-xs\" data-type=\"column\"> <h2  class=\"\"><span  style=\"color: rgb(255, 255, 255);\">Seven\u00b4s:<\/span><\/h2> <p  class=\"\"><span  style=\"color: rgb(255, 255, 255); font-weight: 600;\">Unplugged kapela, jej\u00ed\u017e reperto\u00e1r tvo\u0159\u00ed hity 70. \u2013 90. let od interpret\u016f jako AC\/DC, Black Sabbath, Whitesnake, Led Zeppelin a mnoha dal\u0161\u00edch.<\/span><\/p> <\/div> <div  class=\"col-sm-6\" data-type=\"column\"> <img decoding=\"async\"  class=\"custom-image\" src=\"http:\/\/honzabehunek.com\/new\/wp-content\/uploads\/2021\/11\/UNPLUGED-LOGO.png\" title=\"UNPLUGED LOGO\" alt=\"\"><\/div> <\/div><\/div> <\/div><div  data-label=\"Content\" data-id=\"content--4\" data-export-id=\"content-8\" data-category=\"content\" class=\"content-8 content-section content-section-spacing\" id=\"content-4\" style=\"background-color: rgb(0, 0, 0); background-image: none;\"><div  class=\"gridContainer\"> <div  class=\"row middle-sm\"><div  class=\"col-sm-6 space-bottom-xs space-top-xs\" data-type=\"column\"><img decoding=\"async\"  class=\"custom-image\" src=\"http:\/\/honzabehunek.com\/new\/wp-content\/uploads\/2022\/01\/received_375232587335797.jpeg\" title=\"received_375232587335797\" alt=\"\"> <\/div> <div  class=\"col-sm-6\" data-type=\"column\"><h2  class=\"\"><span  style=\"color: rgb(253, 253, 253);\">Seven retro<\/span><\/h2> <p  class=\"\"><span  style=\"color: rgb(255, 255, 255);\">Seven retro je nejnov\u011bj\u0161\u00edm projektem kapely, kter\u00e1 hraje na dobovou aparaturu ze 60. a 70. let star\u00e9 pecky s autentick\u00fdm zvukem jak z dom\u00e1c\u00ed, tak ze zahrani\u010dn\u00ed sc\u00e9ny t\u00e9to doby. (Black Sabbath, UFO, Deep Purple, Ji\u0159\u00ed Schelinger a dal\u0161\u00ed\u2026)<\/span><\/p> <\/div> <\/div><\/div> <\/div>","protected":false},"excerpt":{"rendered":"<p>Honza K. B\u011bhunek instrumental Instrument\u00e1ln\u00ed hudba, v ni\u017e se m\u00eds\u00ed v\u0161echny hudebn\u00ed vlivy, kter\u00e9 Honzu od d\u011btstv\u00ed ovlivnili, od klasiky p\u0159es jazz a\u017e po heavy metal. Instrument\u00e1ln\u00ed skladby jsou pln\u00e9 melodi\u00ed i n\u00e1ro\u010dn\u00fdch kompozic. Seven \u00dadern\u00fd i melodick\u00fd metal. Kapela jako prvn\u00ed v \u010cesk\u00e9 republice podepsala smlouvu a vydala cd u Nuclear Blast a deska&hellip; <br \/> <a class=\"read-more\" href=\"https:\/\/honzabehunek.com\/new\/projekty\/\">Read more<\/a><\/p>\n","protected":false},"author":1,"featured_media":0,"parent":0,"menu_order":0,"comment_status":"closed","ping_status":"closed","template":"pro\/page-templates\/full-width-page.php","meta":{"ngg_post_thumbnail":0,"footnotes":""},"class_list":["post-659","page","type-page","status-publish","hentry"],"_links":{"self":[{"href":"https:\/\/honzabehunek.com\/new\/wp-json\/wp\/v2\/pages\/659","targetHints":{"allow":["GET"]}}],"collection":[{"href":"https:\/\/honzabehunek.com\/new\/wp-json\/wp\/v2\/pages"}],"about":[{"href":"https:\/\/honzabehunek.com\/new\/wp-json\/wp\/v2\/types\/page"}],"author":[{"embeddable":true,"href":"https:\/\/honzabehunek.com\/new\/wp-json\/wp\/v2\/users\/1"}],"replies":[{"embeddable":true,"href":"https:\/\/honzabehunek.com\/new\/wp-json\/wp\/v2\/comments?post=659"}],"version-history":[{"count":6,"href":"https:\/\/honzabehunek.com\/new\/wp-json\/wp\/v2\/pages\/659\/revisions"}],"predecessor-version":[{"id":880,"href":"https:\/\/honzabehunek.com\/new\/wp-json\/wp\/v2\/pages\/659\/revisions\/880"}],"wp:attachment":[{"href":"https:\/\/honzabehunek.com\/new\/wp-json\/wp\/v2\/media?parent=659"}],"curies":[{"name":"wp","href":"https:\/\/api.w.org\/{rel}","templated":true}]}}